{"id":375,"date":"2021-10-10T11:11:57","date_gmt":"2021-10-10T09:11:57","guid":{"rendered":"https:\/\/jcw-communication.be\/impressum\/"},"modified":"2021-10-11T16:41:12","modified_gmt":"2021-10-11T14:41:12","slug":"mentions-legales","status":"publish","type":"page","link":"https:\/\/old2.graphichouse.be\/fr\/mentions-legales\/","title":{"rendered":"Mentions l\u00e9gales"},"content":{"rendered":"<div id=\"pu1617-3\" class=\"clearfix colelem\">\n<div id=\"u1529-44\" class=\"Rechtliche-Hinweise clearfix grpelem\" data-muse-uid=\"U1529\" data-muse-type=\"txt_frame\">\n<p><strong>JCW-COMMUNICATION Splru<\/strong><br \/>\nGospertstra\u00dfe 95<br \/>\n4700 Eupen \u2013 Belgien<\/p>\n<p>T. +32 (0)87 766 069<br \/>\nE. office(at)jcw-communication.be<\/p>\n<p>VAT-ID: BE 0540.846.066 \u2013 RPM Eupen<\/p>\n<p>Repr\u00e9sent\u00e9 par : Christoph Willem<\/p>\n<h1><strong>Registereintrag:<\/strong><\/h1>\n<p>Eintragung im Handelsregister.<br \/>\nRegistergericht: Eupen<br \/>\nRegisternummer: 30 0068794<\/p>\n<p>&nbsp;<\/p>\n<h1><strong>Sources pour les images et les graphiques utilis\u00e9s:<\/strong><\/h1>\n<p>Copyright \u00a9 JCW-COMMUNICATION \u2013 Christoph Willem \u2013 Alle Rechte vorbehalten<br \/>\nCopyright \u00a9 Gregor Collienne<\/p>\n<\/div>\n<\/div>\n<div id=\"u15113-55\" class=\"clearfix colelem\" data-muse-uid=\"U15113\" data-muse-type=\"txt_frame\">\n<h1><strong><b class=\"b4\">Exclusion de <\/b><b class=\"b5\">responsabilit\u00e9<\/b> (Disclaimer)<\/strong><\/h1>\n<h1><b class=\"b5\">Responsabilit\u00e9 rela<\/b><b class=\"b4\">tive<\/b><b class=\"b3\"> au<\/b><b class=\"b4\">x <\/b><b class=\"b5\">contenus<\/b><\/h1>\n<p>En tant que fournisseur de services, nous sommes responsables de notre propre contenu sur ces pages conform\u00e9ment aux lois g\u00e9n\u00e9rales. Cependant, en tant que fournisseur de services, nous ne sommes pas oblig\u00e9s de surveiller les informations transmises ou stock\u00e9es par des tiers ou d\u2019enqu\u00eater sur les circonstances qui indiquent une activit\u00e9 ill\u00e9gale. Les obligations de supprimer ou de bloquer l\u2019utilisation des informations en vertu de la loi g\u00e9n\u00e9rale restent inchang\u00e9es. Une responsabilit\u00e9 \u00e0 cet \u00e9gard, cependant, n\u2019est possible qu\u2019\u00e0 partir de la date de la connaissance d\u2019une infraction sp\u00e9cifique. D\u00e8s la notification de telles violations, nous supprimerons imm\u00e9diatement ce contenu.<\/p>\n<p>Notre offre contient des liens vers des sites externes de tiers sur le contenu desquels nous n\u2019avons aucune influence. Par cons\u00e9quent, nous ne pouvons assumer aucune responsabilit\u00e9 pour ces contenus externes. Le fournisseur ou l\u2019op\u00e9rateur respectif des pages est toujours responsable du contenu des pages li\u00e9es. Les pages li\u00e9es ont \u00e9t\u00e9 v\u00e9rifi\u00e9es pour d\u2019\u00e9ventuelles violations l\u00e9gales au moment de la liaison. Le contenu ill\u00e9gal n\u2019\u00e9tait pas reconnaissable au moment de la liaison. Cependant, un contr\u00f4le permanent du contenu des pages li\u00e9es n\u2019est pas raisonnable sans preuve concr\u00e8te d\u2019une infraction. D\u00e8s la notification des violations, nous allons supprimer ces liens imm\u00e9diatement.<\/p>\n<p>&nbsp;<\/p>\n<h1><b class=\"b2\">D<\/b><b class=\"b3\">roi<\/b><b class=\"b4\">t d<\/b><b class=\"b5\">\u2018auteur<\/b><\/h1>\n<p>Le contenu cr\u00e9\u00e9 par les op\u00e9rateurs du site et fonctionne sur ces pages sont soumis au droit d\u2019auteur. La reproduction, le traitement, la distribution et tout type d\u2019exploitation en dehors des limites du droit d\u2019auteur n\u00e9cessitent le consentement \u00e9crit de l\u2019auteur ou du cr\u00e9ateur respectif. Les t\u00e9l\u00e9chargements et copies de ce site sont r\u00e9serv\u00e9s \u00e0 un usage priv\u00e9 et non commercial. Dans la mesure o\u00f9 les contenus de ce c\u00f4t\u00e9 n\u2019ont pas \u00e9t\u00e9 cr\u00e9\u00e9s par l\u2019op\u00e9rateur, les droits d\u2019auteur des tiers sont pris en compte. En particulier, le contenu de tiers est identifi\u00e9 en tant que tel. Si vous devez toujours \u00eatre au courant d\u2019une violation de copyright, nous demandons une note. D\u00e8s la notification des violations, nous supprimerons ce contenu imm\u00e9diatement.<\/p>\n<\/div>\n","protected":false},"excerpt":{"rendered":"<p>JCW-COMMUNICATION Splru Gospertstra\u00dfe 95 4700 Eupen \u2013 Belgien T. +32 (0)87 766 069 E. office(at)jcw-communication.be VAT-ID: BE 0540.846.066 \u2013 RPM Eupen Repr\u00e9sent\u00e9 par : Christoph Willem Registereintrag: Eintragung im Handelsregister. Registergericht: Eupen Registernummer: 30 0068794 &nbsp; Sources pour les images et les graphiques utilis\u00e9s: Copyright \u00a9 JCW-COMMUNICATION \u2013 Christoph Willem \u2013 Alle Rechte vorbehalten Copyright [&hellip;]<\/p>\n","protected":false},"author":1,"featured_media":0,"parent":0,"menu_order":0,"comment_status":"closed","ping_status":"closed","template":"","meta":{"inline_featured_image":false,"footnotes":""},"class_list":["post-375","page","type-page","status-publish","hentry"],"acf":[],"aioseo_notices":[],"_links":{"self":[{"href":"https:\/\/old2.graphichouse.be\/fr\/wp-json\/wp\/v2\/pages\/375","targetHints":{"allow":["GET"]}}],"collection":[{"href":"https:\/\/old2.graphichouse.be\/fr\/wp-json\/wp\/v2\/pages"}],"about":[{"href":"https:\/\/old2.graphichouse.be\/fr\/wp-json\/wp\/v2\/types\/page"}],"author":[{"embeddable":true,"href":"https:\/\/old2.graphichouse.be\/fr\/wp-json\/wp\/v2\/users\/1"}],"replies":[{"embeddable":true,"href":"https:\/\/old2.graphichouse.be\/fr\/wp-json\/wp\/v2\/comments?post=375"}],"version-history":[{"count":2,"href":"https:\/\/old2.graphichouse.be\/fr\/wp-json\/wp\/v2\/pages\/375\/revisions"}],"predecessor-version":[{"id":377,"href":"https:\/\/old2.graphichouse.be\/fr\/wp-json\/wp\/v2\/pages\/375\/revisions\/377"}],"wp:attachment":[{"href":"https:\/\/old2.graphichouse.be\/fr\/wp-json\/wp\/v2\/media?parent=375"}],"curies":[{"name":"wp","href":"https:\/\/api.w.org\/{rel}","templated":true}]}}