{"id":372,"date":"2021-10-06T19:57:48","date_gmt":"2021-10-06T17:57:48","guid":{"rendered":"https:\/\/jcw-communication.be\/datenschutzerklarung-2\/"},"modified":"2021-10-11T16:38:37","modified_gmt":"2021-10-11T14:38:37","slug":"datenschutzerklarung-2","status":"publish","type":"page","link":"https:\/\/old2.graphichouse.be\/fr\/datenschutzerklarung-2\/","title":{"rendered":"Politique de confidentialit\u00e9"},"content":{"rendered":"<p>Nous prenons la protection de vos donn\u00e9es tr\u00e8s au s\u00e9rieux et traitons vos donn\u00e9es \u00e0 caract\u00e8re personnel de mani\u00e8re confidentielle, conform\u00e9ment aux dispositions l\u00e9gales.<\/p>\n<p>Veuillez noter que, fondamentalement, la transmission de donn\u00e9es sur Internet peut conna\u00eetre des failles de s\u00e9curit\u00e9. Il est impossible d\u2019assurer une protection compl\u00e8te contre l\u2019acc\u00e8s par des tiers.<\/p>\n<h1><strong>Donn\u00e9es d\u2019acc\u00e8s<\/strong><\/h1>\n<p>Lorsque vous visitez notre site web, des donn\u00e9es relatives \u00e0 l\u2019acc\u00e8s au site sont recueillies et stock\u00e9es sous forme de \u00ab\u00a0fichiers journaux de serveur\u00a0\u00bb. Il s\u2019agit, entre autres, des donn\u00e9es suivantes\u00a0:<\/p>\n<ul>\n<li>Pages ou sections visit\u00e9es<\/li>\n<li>Date et heure de l\u2019acc\u00e8s<\/li>\n<li>Dur\u00e9e de connexion<\/li>\n<li>Source\/r\u00e9f\u00e9rence depuis laquelle vous avez acc\u00e9d\u00e9 au site<\/li>\n<li>Navigateur utilis\u00e9<\/li>\n<li>Syst\u00e8me d\u2019exploitation utilis\u00e9<\/li>\n<li>Adresse IP utilis\u00e9e<\/li>\n<li>Termes de recherche utilis\u00e9s<\/li>\n<\/ul>\n<p>Les donn\u00e9es recueillies servent uniquement \u00e0 r\u00e9aliser des \u00e9valuations statistiques et \u00e0 am\u00e9liorer notre site web. Nous n\u2019assumons aucune responsabilit\u00e9 quant au contenu et \u00e0 la protection des donn\u00e9es des sites web vers lesquels nous proposons des liens.<\/p>\n<h1><strong>Cookies<\/strong><\/h1>\n<p>Ce site web utilise des cookies. Ce sont de petits fichiers texte qui sont stock\u00e9s sur votre appareil final. Votre navigateur a acc\u00e8s \u00e0 ces fichiers. L\u2019utilisation de cookies augmente la convivialit\u00e9 de ce site web. Cependant, les navigateurs courants proposent une option pour ne pas autoriser les cookies.<\/p>\n<h1><strong>Traitement des donn\u00e9es de contact<\/strong><\/h1>\n<p>Si vous prenez contact avec nous au moyen des possibilit\u00e9s de contact offertes, par exemple \u00e0 l\u2019occasion d\u2019une demande, vos donn\u00e9es sont stock\u00e9es afin que nous puissions y acc\u00e9der pour traiter et r\u00e9pondre \u00e0 votre demande.<\/p>\n<p>Nous nous engageons \u00e0 ne pas transmettre vos donn\u00e9es \u00e0 caract\u00e8re personnel \u00e0 des tiers. Les donn\u00e9es \u00e0 caract\u00e8re personnel correspondent \u00e0 toutes les informations qui servent \u00e0 vous identifier et qui peuvent \u00eatre utilis\u00e9es pour remonter jusqu\u2019\u00e0 vous, telles que votre nom, votre adresse \u00e9lectronique et votre num\u00e9ro de t\u00e9l\u00e9phone.<\/p>\n<h1><strong>Droits de l\u2019utilisateur\u00a0: acc\u00e8s, rectification et effacement<\/strong><\/h1>\n<p>En tant qu\u2019utilisateur, et \u00e0 votre demande, vous pouvez gratuitement acc\u00e9der aux donn\u00e9es \u00e0 caract\u00e8re personnel qui ont \u00e9t\u00e9 stock\u00e9es vous concernant. Tant que votre demande n\u2019entre pas en conflit avec une obligation l\u00e9gale de conservation des donn\u00e9es, vous avez le droit de faire rectifier les donn\u00e9es erron\u00e9es et de faire effacer vos donn\u00e9es \u00e0 caract\u00e8re personnel.<\/p>\n","protected":false},"excerpt":{"rendered":"<p>Nous prenons la protection de vos donn\u00e9es tr\u00e8s au s\u00e9rieux et traitons vos donn\u00e9es \u00e0 caract\u00e8re personnel de mani\u00e8re confidentielle, conform\u00e9ment aux dispositions l\u00e9gales. Veuillez noter que, fondamentalement, la transmission de donn\u00e9es sur Internet peut conna\u00eetre des failles de s\u00e9curit\u00e9. Il est impossible d\u2019assurer une protection compl\u00e8te contre l\u2019acc\u00e8s par des tiers. Donn\u00e9es d\u2019acc\u00e8s Lorsque [&hellip;]<\/p>\n","protected":false},"author":1,"featured_media":0,"parent":0,"menu_order":0,"comment_status":"closed","ping_status":"closed","template":"","meta":{"inline_featured_image":false,"footnotes":""},"class_list":["post-372","page","type-page","status-publish","hentry"],"acf":[],"aioseo_notices":[],"_links":{"self":[{"href":"https:\/\/old2.graphichouse.be\/fr\/wp-json\/wp\/v2\/pages\/372","targetHints":{"allow":["GET"]}}],"collection":[{"href":"https:\/\/old2.graphichouse.be\/fr\/wp-json\/wp\/v2\/pages"}],"about":[{"href":"https:\/\/old2.graphichouse.be\/fr\/wp-json\/wp\/v2\/types\/page"}],"author":[{"embeddable":true,"href":"https:\/\/old2.graphichouse.be\/fr\/wp-json\/wp\/v2\/users\/1"}],"replies":[{"embeddable":true,"href":"https:\/\/old2.graphichouse.be\/fr\/wp-json\/wp\/v2\/comments?post=372"}],"version-history":[{"count":1,"href":"https:\/\/old2.graphichouse.be\/fr\/wp-json\/wp\/v2\/pages\/372\/revisions"}],"predecessor-version":[{"id":373,"href":"https:\/\/old2.graphichouse.be\/fr\/wp-json\/wp\/v2\/pages\/372\/revisions\/373"}],"wp:attachment":[{"href":"https:\/\/old2.graphichouse.be\/fr\/wp-json\/wp\/v2\/media?parent=372"}],"curies":[{"name":"wp","href":"https:\/\/api.w.org\/{rel}","templated":true}]}}